{"id":6,"date":"2019-11-06T15:54:48","date_gmt":"2019-11-06T15:54:48","guid":{"rendered":"http:\/\/www.chema.swiss\/?page_id=6"},"modified":"2022-02-10T15:21:59","modified_gmt":"2022-02-10T15:21:59","slug":"webseite-in-ueberarbeitung","status":"publish","type":"page","link":"http:\/\/www.chema.swiss\/","title":{"rendered":"Chema AG   |   Wir bauen f\u00fcr Sie."},"content":{"rendered":"\n<p class=\"has-text-align-left\"><br><br><br><br><\/p>\n\n\n\n<p class=\"has-text-align-left\"><br><br><br><\/p>\n\n\n\n<div class=\"wp-block-image\"><figure class=\"aligncenter size-large is-resized\"><img decoding=\"async\" loading=\"lazy\" src=\"http:\/\/www.chema.swiss\/wp-content\/uploads\/2019\/11\/chema_farbig_pfeil_transparent-e1574840616940.gif\" alt=\"\" class=\"wp-image-147\" width=\"73\" height=\"85\"\/><\/figure><\/div>\n\n\n\n<p class=\"has-text-align-left\"><br><br><br><br><br><br><br><br><br><br><br><br><br><br><\/p>\n\n\n\n<h2 class=\"has-text-color wp-block-heading\" id=\"unternehmen\" style=\"color:#5a7910\"><strong>Unternehmen<\/strong><\/h2>\n\n\n\n<p class=\"has-black-color has-text-color\" style=\"font-size:24px;font-style:normal;font-weight:500\">Chema AG ist ein unabh\u00e4ngiges General- und Totalunternehmen mit Sitz in Schindellegi (SZ). Mit einem erfahrenen und pers\u00f6nlich engagierten Kernteam sind wir Ihr kompetenter Ansprechpartner f\u00fcr Neu- und Umbauprojekte im Bereich von Wohn- und Gesch\u00e4ftsliegenschaften. <\/p>\n\n\n\n<div style=\"height:50px\" aria-hidden=\"true\" class=\"wp-block-spacer\"><\/div>\n\n\n\n<hr class=\"wp-block-separator\"\/>\n\n\n\n<div style=\"height:50px\" aria-hidden=\"true\" class=\"wp-block-spacer\"><\/div>\n\n\n\n<h2 class=\"has-text-color wp-block-heading\" id=\"dienstleistungen\" style=\"color:#5a7910\"><strong>Dienstleistungen<\/strong><\/h2>\n\n\n\n<p class=\"has-black-color has-text-color\" style=\"font-size:24px;font-style:normal;font-weight:500\">Wir erbringen folgende Dienstleistungen f\u00fcr Sie:<br>&#8211; General- und Totalunternehmer<br>&#8211; Umbauten und Renovationen<br>&#8211; Projektentwicklung<\/p>\n\n\n\n<div style=\"height:50px\" aria-hidden=\"true\" class=\"wp-block-spacer\"><\/div>\n\n\n\n<hr class=\"wp-block-separator\"\/>\n\n\n\n<div style=\"height:50px\" aria-hidden=\"true\" class=\"wp-block-spacer\"><\/div>\n\n\n\n<h2 class=\"has-text-color wp-block-heading\" id=\"projekte\" style=\"color:#5a7910\"><strong>Projekte<\/strong><\/h2>\n\n\n<ul class=\"wp-block-latest-posts__list is-grid columns-3 wp-block-latest-posts\"><li><div class=\"wp-block-latest-posts__featured-image\"><img width=\"150\" height=\"150\" src=\"http:\/\/www.chema.swiss\/wp-content\/uploads\/2025\/10\/DJI_20250917155016_0229_D-150x150.jpg\" class=\"attachment-thumbnail size-thumbnail wp-post-image\" alt=\"\" decoding=\"async\" loading=\"lazy\" style=\"max-width:300px;max-height:300px;\" srcset=\"http:\/\/www.chema.swiss\/wp-content\/uploads\/2025\/10\/DJI_20250917155016_0229_D-150x150.jpg 150w, http:\/\/www.chema.swiss\/wp-content\/uploads\/2025\/10\/DJI_20250917155016_0229_D-360x360.jpg 360w\" sizes=\"(max-width: 150px) 100vw, 150px\" \/><\/div><a class=\"wp-block-latest-posts__post-title\" href=\"http:\/\/www.chema.swiss\/?p=235\">Mutschellenstrasse 39, 8002 Z\u00fcrich<\/a><\/li>\n<li><div class=\"wp-block-latest-posts__featured-image\"><img width=\"150\" height=\"150\" src=\"http:\/\/www.chema.swiss\/wp-content\/uploads\/2025\/10\/DJI_20250919104724_0001_D-1-150x150.jpg\" class=\"attachment-thumbnail size-thumbnail wp-post-image\" alt=\"\" decoding=\"async\" loading=\"lazy\" style=\"max-width:300px;max-height:300px;\" srcset=\"http:\/\/www.chema.swiss\/wp-content\/uploads\/2025\/10\/DJI_20250919104724_0001_D-1-150x150.jpg 150w, http:\/\/www.chema.swiss\/wp-content\/uploads\/2025\/10\/DJI_20250919104724_0001_D-1-360x360.jpg 360w\" sizes=\"(max-width: 150px) 100vw, 150px\" \/><\/div><a class=\"wp-block-latest-posts__post-title\" href=\"http:\/\/www.chema.swiss\/?p=232\">Seestrasse 23, 8810 Horgen<\/a><\/li>\n<li><div class=\"wp-block-latest-posts__featured-image\"><img width=\"150\" height=\"150\" src=\"http:\/\/www.chema.swiss\/wp-content\/uploads\/2019\/11\/Final-03-Perspektive-Astor_cropped-web-150x150.jpg\" class=\"attachment-thumbnail size-thumbnail wp-post-image\" alt=\"\" decoding=\"async\" loading=\"lazy\" style=\"max-width:300px;max-height:300px;\" srcset=\"http:\/\/www.chema.swiss\/wp-content\/uploads\/2019\/11\/Final-03-Perspektive-Astor_cropped-web-150x150.jpg 150w, http:\/\/www.chema.swiss\/wp-content\/uploads\/2019\/11\/Final-03-Perspektive-Astor_cropped-web-360x360.jpg 360w\" sizes=\"(max-width: 150px) 100vw, 150px\" \/><\/div><a class=\"wp-block-latest-posts__post-title\" href=\"http:\/\/www.chema.swiss\/?p=214\">Weinbergstrasse 44\/46, 8006 Z\u00fcrich<\/a><\/li>\n<\/ul>\n\n\n<div style=\"height:50px\" aria-hidden=\"true\" class=\"wp-block-spacer\"><\/div>\n\n\n\n<hr class=\"wp-block-separator\"\/>\n\n\n\n<div style=\"height:50px\" aria-hidden=\"true\" class=\"wp-block-spacer\"><\/div>\n\n\n\n<h2 class=\"has-text-color wp-block-heading\" id=\"kontakt\" style=\"color:#5a7910\"><strong>Kontakt<\/strong><\/h2>\n\n\n\n<p class=\"has-black-color has-text-color\" style=\"font-size:24px;font-style:normal;font-weight:500\">Chema AG<br>Dorfstrasse 40<br>8834 Schindellegi<br><br>Tel. +41 43 333 55 00<br>Email <a rel=\"noreferrer noopener\" aria-label=\"info@chema.swiss (\u00f6ffnet in neuem Tab)\" href=\"mailto:info@chema.swiss\" target=\"_blank\">info@chema.swiss<\/a><br><br><br><\/p>\n","protected":false},"excerpt":{"rendered":"<p>Unternehmen Chema AG ist ein unabh\u00e4ngiges General- und Totalunternehmen mit Sitz in Schindellegi (SZ). Mit einem erfahrenen und pers\u00f6nlich engagierten [&hellip;]<\/p>\n","protected":false},"author":1,"featured_media":0,"parent":0,"menu_order":0,"comment_status":"closed","ping_status":"closed","template":"","meta":[],"_links":{"self":[{"href":"http:\/\/www.chema.swiss\/index.php?rest_route=\/wp\/v2\/pages\/6"}],"collection":[{"href":"http:\/\/www.chema.swiss\/index.php?rest_route=\/wp\/v2\/pages"}],"about":[{"href":"http:\/\/www.chema.swiss\/index.php?rest_route=\/wp\/v2\/types\/page"}],"author":[{"embeddable":true,"href":"http:\/\/www.chema.swiss\/index.php?rest_route=\/wp\/v2\/users\/1"}],"replies":[{"embeddable":true,"href":"http:\/\/www.chema.swiss\/index.php?rest_route=%2Fwp%2Fv2%2Fcomments&post=6"}],"version-history":[{"count":69,"href":"http:\/\/www.chema.swiss\/index.php?rest_route=\/wp\/v2\/pages\/6\/revisions"}],"predecessor-version":[{"id":228,"href":"http:\/\/www.chema.swiss\/index.php?rest_route=\/wp\/v2\/pages\/6\/revisions\/228"}],"wp:attachment":[{"href":"http:\/\/www.chema.swiss\/index.php?rest_route=%2Fwp%2Fv2%2Fmedia&parent=6"}],"curies":[{"name":"wp","href":"https:\/\/api.w.org\/{rel}","templated":true}]}}